{"id":1835,"date":"2023-12-14T09:20:06","date_gmt":"2023-12-14T09:20:06","guid":{"rendered":"https:\/\/www.cjacobluthier.com\/?page_id=1835"},"modified":"2023-12-14T09:23:35","modified_gmt":"2023-12-14T09:23:35","slug":"politica-de-privacidade-e-cookies","status":"publish","type":"page","link":"https:\/\/www.cjacobluthier.com\/pt-pt\/politica-de-privacidade-e-cookies\/","title":{"rendered":"Pol\u00edtica de Privacidade e Cookies"},"content":{"rendered":"<section class=\"wpb-content-wrapper\"><p>[vc_row row_type=&#8221;parallax&#8221; parallax_content_width=&#8221;full_width&#8221; text_align=&#8221;left&#8221; full_screen_section_height=&#8221;no&#8221;][vc_column][vc_row_inner row_type=&#8221;row&#8221; type=&#8221;full_width&#8221; text_align=&#8221;left&#8221; css_animation=&#8221;&#8221;][vc_column_inner css=&#8221;.vc_custom_1457380559928{margin-left: 0px !important;border-left-width: 0px !important;padding-top: 200px !important;padding-bottom: 200px !important;padding-left: 0px !important;}&#8221;][vc_column_text css=&#8221;.vc_custom_1702544302463{margin-top: 0px !important;margin-bottom: 0px !important;padding-top: 0px !important;padding-right: 20% !important;padding-bottom: 0px !important;padding-left: 20% !important;}&#8221;]<\/p>\n<h1>POL\u00cdTICA DE PRIVACIDADE E COOKIES<\/h1>\n<p>&nbsp;<\/p>\n<p>A sua privacidade \u00e9 importante para n\u00f3s. \u00c9 pol\u00edtica do respeitar a sua privacidade em rela\u00e7\u00e3o a qualquer informa\u00e7\u00e3o sua que possamos coletar no site, e outros sites que possu\u00edmos e operamos.<\/p>\n<p>Solicitamos informa\u00e7\u00f5es pessoais apenas quando realmente precisamos delas para lhe fornecer um servi\u00e7o.<\/p>\n<p>Fazemo-lo por meios justos e legais, com o seu conhecimento e consentimento. Tamb\u00e9m informamos por que estamos coletando e como ser\u00e1 usado. Apenas retemos as informa\u00e7\u00f5es coletadas pelo tempo necess\u00e1rio para fornecer o servi\u00e7o solicitado.<\/p>\n<p>Quando armazenamos dados, protegemos dentro de meios comercialmente aceit\u00e1veis \u200b\u200bpara evitar perdas e roubos, bem como acesso, divulga\u00e7\u00e3o, c\u00f3pia, uso ou modifica\u00e7\u00e3o n\u00e3o autorizados.<\/p>\n<p>N\u00e3o compartilhamos informa\u00e7\u00f5es de identifica\u00e7\u00e3o pessoal publicamente ou com terceiros, exceto quando exigido por lei.<\/p>\n<p>O nosso site pode ter links para sites externos que n\u00e3o s\u00e3o operados por n\u00f3s. Esteja ciente de que n\u00e3o temos controle sobre o conte\u00fado e pr\u00e1ticas desses sites e n\u00e3o podemos aceitar responsabilidade por suas respectivas\u00a0pol\u00edticas de privacidade.<\/p>\n<p>O visitante \u00e9 livre para recusar a nossa solicita\u00e7\u00e3o de informa\u00e7\u00f5es pessoais, entendendo que talvez n\u00e3o possamos fornecer alguns dos servi\u00e7os desejados.<\/p>\n<p>O uso continuado de nosso site ser\u00e1 considerado como aceita\u00e7\u00e3o de nossas pr\u00e1ticas em torno de privacidade e informa\u00e7\u00f5es pessoais.<\/p>\n<p>Se o visitante tiver alguma d\u00favida sobre como lidamos com dados do usu\u00e1rio e informa\u00e7\u00f5es pessoais, entre em contacto connosco.<\/p>\n<p>&nbsp;<\/p>\n<h2>Compromisso do Usu\u00e1rio<\/h2>\n<p>O visitante compromete-se a fazer uso adequado dos conte\u00fados e da informa\u00e7\u00e3o que o oferece no site e com car\u00e1ter enunciativo, mas n\u00e3o limitativo:<\/p>\n<p>A) N\u00e3o se envolver em atividades que sejam ilegais ou contr\u00e1rias \u00e0 boa f\u00e9 a \u00e0 ordem p\u00fablica;<\/p>\n<p>B) N\u00e3o difundir propaganda ou conte\u00fado de natureza racista, xenof\u00f3bica, kiwibet ou azar, qualquer tipo de pornografia ilegal, de apologia ao terrorismo ou contra os direitos humanos;<\/p>\n<p>C) N\u00e3o causar danos aos sistemas f\u00edsicos (hardwares) e l\u00f3gicos (softwares) do , de seus fornecedores ou terceiros, para introduzir ou disseminar v\u00edrus inform\u00e1ticos ou quaisquer outros sistemas de hardware ou software que sejam capazes de causar danos anteriormente mencionados.<\/p>\n<p>&nbsp;<\/p>\n<h2>Uso e reten\u00e7\u00e3o de dados pessoais<\/h2>\n<p>Este site n\u00e3o recolhe quaisquer dados pessoais, n\u00e3o os transmite ou armazena.<\/p>\n<p>&nbsp;<\/p>\n<h2>Propriedade intelectual<\/h2>\n<p>Todos os neste site s\u00e3o e continuam sendo propriedade intelectual exclusiva da nossa empresa. Qualquer reprodu\u00e7\u00e3o, c\u00f3pia, redistribui\u00e7\u00e3o ou uso de quaisquer elementos deste site, seja texto, software ou v\u00eddeo, \u00e9 estritamente proibido sob pena de processo criminal.<\/p>\n<p>&nbsp;<\/p>\n<h2>Cookies<\/h2>\n<p>Este site utiliza cookies apenas para memorizar o idioma escolhido pelo utilizador durante a sua visita (cookie de sess\u00e3o, destru\u00eddo automaticamente no final da visita). Se o usu\u00e1rio ainda quiser se opor a esse uso, ele pode configur\u00e1-lo, configurando seu navegador para recusar cookies (veja na documenta\u00e7\u00e3o do navegador usado pelo visitante), no entanto, o site pode n\u00e3o funcionar corretamente neste caso (exibi\u00e7\u00e3o de p\u00e1ginas no idioma errado).<\/p>\n<p>&nbsp;<\/p>\n<h2>Mais informa\u00e7\u00f5es<\/h2>\n<p>Esperemos que esteja esclarecido e, como mencionado anteriormente, se houver algo que voc\u00ea n\u00e3o tem certeza se precisa ou n\u00e3o, geralmente \u00e9 mais seguro deixar os cookies ativados, caso interaja com um dos recursos que voc\u00ea usa em nosso site.[\/vc_column_text][\/vc_column_inner][\/vc_row_inner][\/vc_column][\/vc_row]<\/p>\n<\/section>","protected":false},"excerpt":{"rendered":"<p>[vc_row row_type=&#8221;parallax&#8221; parallax_content_width=&#8221;full_width&#8221; text_align=&#8221;left&#8221; full_screen_section_height=&#8221;no&#8221;][vc_column][vc_row_inner row_type=&#8221;row&#8221; type=&#8221;full_width&#8221; text_align=&#8221;left&#8221; css_animation=&#8221;&#8221;][vc_column_inner css=&#8221;.vc_custom_1457380559928{margin-left: 0px !important;border-left-width: 0px !important;padding-top: 200px !important;padding-bottom: 200px !important;padding-left: 0px !important;}&#8221;][vc_column_text&#8230;<\/p>\n","protected":false},"author":2,"featured_media":1793,"parent":0,"menu_order":8,"comment_status":"closed","ping_status":"closed","template":"full_width.php","meta":{"footnotes":""},"yoast_head":"<!-- This site is optimized with the Yoast SEO plugin v23.5 - https:\/\/yoast.com\/wordpress\/plugins\/seo\/ -->\n<title>Pol\u00edtica de Privacidade e Cookies - C\u00e2ndido Jacob Luthier<\/title>\n<meta name=\"description\" content=\"As guitarras s\u00e3o fruto da minha paix\u00e3o, inspira\u00e7\u00e3o, investiga\u00e7\u00e3o e trabalho! Feitas por medida ou baseadas em modelos standard antigos...\" \/>\n<meta name=\"robots\" content=\"index, follow, max-snippet:-1, max-image-preview:large, max-video-preview:-1\" \/>\n<link rel=\"canonical\" href=\"https:\/\/www.cjacobluthier.com\/pt-pt\/politica-de-privacidade-e-cookies\/\" \/>\n<meta property=\"og:locale\" content=\"pt_PT\" \/>\n<meta property=\"og:type\" content=\"article\" \/>\n<meta property=\"og:title\" content=\"Pol\u00edtica de Privacidade e Cookies - C\u00e2ndido Jacob Luthier\" \/>\n<meta property=\"og:description\" content=\"As guitarras s\u00e3o fruto da minha paix\u00e3o, inspira\u00e7\u00e3o, investiga\u00e7\u00e3o e trabalho! Feitas por medida ou baseadas em modelos standard antigos...\" \/>\n<meta property=\"og:url\" content=\"https:\/\/www.cjacobluthier.com\/pt-pt\/politica-de-privacidade-e-cookies\/\" \/>\n<meta property=\"og:site_name\" content=\"C\u00e2ndido Jacob Luthier\" \/>\n<meta property=\"article:publisher\" content=\"https:\/\/www.facebook.com\/CJacobLuthier\" \/>\n<meta property=\"article:modified_time\" content=\"2023-12-14T09:23:35+00:00\" \/>\n<meta property=\"og:image\" content=\"https:\/\/www.cjacobluthier.com\/wp-content\/uploads\/2016\/03\/DSC04844.jpg\" \/>\n\t<meta property=\"og:image:width\" content=\"2747\" \/>\n\t<meta property=\"og:image:height\" content=\"1541\" \/>\n\t<meta property=\"og:image:type\" content=\"image\/jpeg\" \/>\n<meta name=\"twitter:card\" content=\"summary_large_image\" \/>\n<meta name=\"twitter:label1\" content=\"Tempo estimado de leitura\" \/>\n\t<meta name=\"twitter:data1\" content=\"3 minutos\" \/>\n<script type=\"application\/ld+json\" class=\"yoast-schema-graph\">{\"@context\":\"https:\/\/schema.org\",\"@graph\":[{\"@type\":\"WebPage\",\"@id\":\"https:\/\/www.cjacobluthier.com\/pt-pt\/politica-de-privacidade-e-cookies\/\",\"url\":\"https:\/\/www.cjacobluthier.com\/pt-pt\/politica-de-privacidade-e-cookies\/\",\"name\":\"Pol\u00edtica de Privacidade e Cookies - C\u00e2ndido Jacob Luthier\",\"isPartOf\":{\"@id\":\"https:\/\/www.cjacobluthier.com\/#website\"},\"primaryImageOfPage\":{\"@id\":\"https:\/\/www.cjacobluthier.com\/pt-pt\/politica-de-privacidade-e-cookies\/#primaryimage\"},\"image\":{\"@id\":\"https:\/\/www.cjacobluthier.com\/pt-pt\/politica-de-privacidade-e-cookies\/#primaryimage\"},\"thumbnailUrl\":\"https:\/\/www.cjacobluthier.com\/wp-content\/uploads\/2016\/03\/DSC04844.jpg\",\"datePublished\":\"2023-12-14T09:20:06+00:00\",\"dateModified\":\"2023-12-14T09:23:35+00:00\",\"description\":\"As guitarras s\u00e3o fruto da minha paix\u00e3o, inspira\u00e7\u00e3o, investiga\u00e7\u00e3o e trabalho! Feitas por medida ou baseadas em modelos standard antigos...\",\"breadcrumb\":{\"@id\":\"https:\/\/www.cjacobluthier.com\/pt-pt\/politica-de-privacidade-e-cookies\/#breadcrumb\"},\"inLanguage\":\"pt-PT\",\"potentialAction\":[{\"@type\":\"ReadAction\",\"target\":[\"https:\/\/www.cjacobluthier.com\/pt-pt\/politica-de-privacidade-e-cookies\/\"]}]},{\"@type\":\"ImageObject\",\"inLanguage\":\"pt-PT\",\"@id\":\"https:\/\/www.cjacobluthier.com\/pt-pt\/politica-de-privacidade-e-cookies\/#primaryimage\",\"url\":\"https:\/\/www.cjacobluthier.com\/wp-content\/uploads\/2016\/03\/DSC04844.jpg\",\"contentUrl\":\"https:\/\/www.cjacobluthier.com\/wp-content\/uploads\/2016\/03\/DSC04844.jpg\",\"width\":2747,\"height\":1541},{\"@type\":\"BreadcrumbList\",\"@id\":\"https:\/\/www.cjacobluthier.com\/pt-pt\/politica-de-privacidade-e-cookies\/#breadcrumb\",\"itemListElement\":[{\"@type\":\"ListItem\",\"position\":1,\"name\":\"Home\",\"item\":\"https:\/\/www.cjacobluthier.com\/pt-pt\/\"},{\"@type\":\"ListItem\",\"position\":2,\"name\":\"Pol\u00edtica de Privacidade e Cookies\"}]},{\"@type\":\"WebSite\",\"@id\":\"https:\/\/www.cjacobluthier.com\/#website\",\"url\":\"https:\/\/www.cjacobluthier.com\/\",\"name\":\"C\u00e2ndido Jacob Luthier\",\"description\":\"Custom Guitars\",\"potentialAction\":[{\"@type\":\"SearchAction\",\"target\":{\"@type\":\"EntryPoint\",\"urlTemplate\":\"https:\/\/www.cjacobluthier.com\/?s={search_term_string}\"},\"query-input\":{\"@type\":\"PropertyValueSpecification\",\"valueRequired\":true,\"valueName\":\"search_term_string\"}}],\"inLanguage\":\"pt-PT\"}]}<\/script>\n<!-- \/ Yoast SEO plugin. -->","yoast_head_json":{"title":"Pol\u00edtica de Privacidade e Cookies - C\u00e2ndido Jacob Luthier","description":"As guitarras s\u00e3o fruto da minha paix\u00e3o, inspira\u00e7\u00e3o, investiga\u00e7\u00e3o e trabalho! Feitas por medida ou baseadas em modelos standard antigos...","robots":{"index":"index","follow":"follow","max-snippet":"max-snippet:-1","max-image-preview":"max-image-preview:large","max-video-preview":"max-video-preview:-1"},"canonical":"https:\/\/www.cjacobluthier.com\/pt-pt\/politica-de-privacidade-e-cookies\/","og_locale":"pt_PT","og_type":"article","og_title":"Pol\u00edtica de Privacidade e Cookies - C\u00e2ndido Jacob Luthier","og_description":"As guitarras s\u00e3o fruto da minha paix\u00e3o, inspira\u00e7\u00e3o, investiga\u00e7\u00e3o e trabalho! Feitas por medida ou baseadas em modelos standard antigos...","og_url":"https:\/\/www.cjacobluthier.com\/pt-pt\/politica-de-privacidade-e-cookies\/","og_site_name":"C\u00e2ndido Jacob Luthier","article_publisher":"https:\/\/www.facebook.com\/CJacobLuthier","article_modified_time":"2023-12-14T09:23:35+00:00","og_image":[{"width":2747,"height":1541,"url":"https:\/\/www.cjacobluthier.com\/wp-content\/uploads\/2016\/03\/DSC04844.jpg","type":"image\/jpeg"}],"twitter_card":"summary_large_image","twitter_misc":{"Tempo estimado de leitura":"3 minutos"},"schema":{"@context":"https:\/\/schema.org","@graph":[{"@type":"WebPage","@id":"https:\/\/www.cjacobluthier.com\/pt-pt\/politica-de-privacidade-e-cookies\/","url":"https:\/\/www.cjacobluthier.com\/pt-pt\/politica-de-privacidade-e-cookies\/","name":"Pol\u00edtica de Privacidade e Cookies - C\u00e2ndido Jacob Luthier","isPartOf":{"@id":"https:\/\/www.cjacobluthier.com\/#website"},"primaryImageOfPage":{"@id":"https:\/\/www.cjacobluthier.com\/pt-pt\/politica-de-privacidade-e-cookies\/#primaryimage"},"image":{"@id":"https:\/\/www.cjacobluthier.com\/pt-pt\/politica-de-privacidade-e-cookies\/#primaryimage"},"thumbnailUrl":"https:\/\/www.cjacobluthier.com\/wp-content\/uploads\/2016\/03\/DSC04844.jpg","datePublished":"2023-12-14T09:20:06+00:00","dateModified":"2023-12-14T09:23:35+00:00","description":"As guitarras s\u00e3o fruto da minha paix\u00e3o, inspira\u00e7\u00e3o, investiga\u00e7\u00e3o e trabalho! Feitas por medida ou baseadas em modelos standard antigos...","breadcrumb":{"@id":"https:\/\/www.cjacobluthier.com\/pt-pt\/politica-de-privacidade-e-cookies\/#breadcrumb"},"inLanguage":"pt-PT","potentialAction":[{"@type":"ReadAction","target":["https:\/\/www.cjacobluthier.com\/pt-pt\/politica-de-privacidade-e-cookies\/"]}]},{"@type":"ImageObject","inLanguage":"pt-PT","@id":"https:\/\/www.cjacobluthier.com\/pt-pt\/politica-de-privacidade-e-cookies\/#primaryimage","url":"https:\/\/www.cjacobluthier.com\/wp-content\/uploads\/2016\/03\/DSC04844.jpg","contentUrl":"https:\/\/www.cjacobluthier.com\/wp-content\/uploads\/2016\/03\/DSC04844.jpg","width":2747,"height":1541},{"@type":"BreadcrumbList","@id":"https:\/\/www.cjacobluthier.com\/pt-pt\/politica-de-privacidade-e-cookies\/#breadcrumb","itemListElement":[{"@type":"ListItem","position":1,"name":"Home","item":"https:\/\/www.cjacobluthier.com\/pt-pt\/"},{"@type":"ListItem","position":2,"name":"Pol\u00edtica de Privacidade e Cookies"}]},{"@type":"WebSite","@id":"https:\/\/www.cjacobluthier.com\/#website","url":"https:\/\/www.cjacobluthier.com\/","name":"C\u00e2ndido Jacob Luthier","description":"Custom Guitars","potentialAction":[{"@type":"SearchAction","target":{"@type":"EntryPoint","urlTemplate":"https:\/\/www.cjacobluthier.com\/?s={search_term_string}"},"query-input":{"@type":"PropertyValueSpecification","valueRequired":true,"valueName":"search_term_string"}}],"inLanguage":"pt-PT"}]}},"_links":{"self":[{"href":"https:\/\/www.cjacobluthier.com\/pt-pt\/wp-json\/wp\/v2\/pages\/1835"}],"collection":[{"href":"https:\/\/www.cjacobluthier.com\/pt-pt\/wp-json\/wp\/v2\/pages"}],"about":[{"href":"https:\/\/www.cjacobluthier.com\/pt-pt\/wp-json\/wp\/v2\/types\/page"}],"author":[{"embeddable":true,"href":"https:\/\/www.cjacobluthier.com\/pt-pt\/wp-json\/wp\/v2\/users\/2"}],"replies":[{"embeddable":true,"href":"https:\/\/www.cjacobluthier.com\/pt-pt\/wp-json\/wp\/v2\/comments?post=1835"}],"version-history":[{"count":1,"href":"https:\/\/www.cjacobluthier.com\/pt-pt\/wp-json\/wp\/v2\/pages\/1835\/revisions"}],"predecessor-version":[{"id":1837,"href":"https:\/\/www.cjacobluthier.com\/pt-pt\/wp-json\/wp\/v2\/pages\/1835\/revisions\/1837"}],"wp:featuredmedia":[{"embeddable":true,"href":"https:\/\/www.cjacobluthier.com\/pt-pt\/wp-json\/wp\/v2\/media\/1793"}],"wp:attachment":[{"href":"https:\/\/www.cjacobluthier.com\/pt-pt\/wp-json\/wp\/v2\/media?parent=1835"}],"curies":[{"name":"wp","href":"https:\/\/api.w.org\/{rel}","templated":true}]}}