{"id":657,"date":"2016-04-18T17:13:50","date_gmt":"2016-04-18T17:13:50","guid":{"rendered":"https:\/\/www.cjacobluthier.com\/?page_id=657&#038;lang=pt-pt"},"modified":"2024-01-18T21:09:49","modified_gmt":"2024-01-18T21:09:49","slug":"materiais","status":"publish","type":"page","link":"https:\/\/www.cjacobluthier.com\/pt-pt\/materiais\/","title":{"rendered":"Materiais"},"content":{"rendered":"<section class=\"wpb-content-wrapper\"><p>[vc_row row_type=&#8221;parallax&#8221; parallax_content_width=&#8221;full_width&#8221; text_align=&#8221;left&#8221; full_screen_section_height=&#8221;no&#8221;][vc_column][vc_row_inner row_type=&#8221;row&#8221; type=&#8221;full_width&#8221; text_align=&#8221;left&#8221; css_animation=&#8221;&#8221;][vc_column_inner width=&#8221;1\/3&#8243; css=&#8221;.vc_custom_1705569345314{margin-right: 0px !important;margin-left: 0px !important;border-right-width: 0px !important;border-left-width: 0px !important;padding-top: 200px !important;padding-right: 0px !important;padding-bottom: 50px !important;padding-left: 0px !important;}&#8221;][vc_column_text css=&#8221;.vc_custom_1462380409872{margin-top: 0px !important;margin-bottom: 0px !important;padding-top: 0px !important;padding-right: 20% !important;padding-bottom: 0px !important;padding-left: 20% !important;}&#8221;]<\/p>\n<h1>MATERIAIS<\/h1>\n<p>A escolha das madeiras e dos vernizes \u00e9 criteriosa em termos de qualidade e acabamento. N\u00e3o s\u00e3o utilizados quaisquer materiais sint\u00e9ticos, apenas materiais de origem natural, como gelatinas para as colas e resinas para os vernizes, \u00f3leos (linha\u00e7a, cam\u00e9lia, laranjeira, tung\u2026) para o tratamento da madeira. O objectivo \u00e9 tornar os instrumentos mais ricos tanto a n\u00edvel de sonoridade, como de est\u00e9tica, e que amadure\u00e7am e ganhem personalidade com o tempo.<br \/>\nO meu objectivo \u00e9 construir um instrumento bonito, com um som belo e harmonioso, adaptado \u00e0s necessidades e vis\u00e3o de quem o idealiza![\/vc_column_text][\/vc_column_inner][vc_column_inner width=&#8221;2\/3&#8243; css=&#8221;.vc_custom_1457028293488{margin-right: 0px !important;border-right-width: 0px !important;padding-right: 0px !important;}&#8221;][vc_basic_grid post_type=&#8221;portfolio_page&#8221; max_items=&#8221;-1&#8243; element_width=&#8221;6&#8243; gap=&#8221;0&#8243; item=&#8221;1888&#8243; grid_id=&#8221;vc_gid:1705612108838-a213b8d7-a36a-4&#8243; taxonomies=&#8221;29&#8243;][\/vc_column_inner][\/vc_row_inner][\/vc_column][\/vc_row]<\/p>\n<\/section>","protected":false},"excerpt":{"rendered":"<p>[vc_row row_type=&#8221;parallax&#8221; parallax_content_width=&#8221;full_width&#8221; text_align=&#8221;left&#8221; full_screen_section_height=&#8221;no&#8221;][vc_column][vc_row_inner row_type=&#8221;row&#8221; type=&#8221;full_width&#8221; text_align=&#8221;left&#8221; css_animation=&#8221;&#8221;][vc_column_inner width=&#8221;1\/3&#8243; css=&#8221;.vc_custom_1705569345314{margin-right: 0px !important;margin-left: 0px !important;border-right-width: 0px !important;border-left-width: 0px !important;padding-top: 200px&#8230;<\/p>\n","protected":false},"author":2,"featured_media":1793,"parent":0,"menu_order":14,"comment_status":"closed","ping_status":"closed","template":"full_width.php","meta":{"footnotes":""},"yoast_head":"<!-- This site is optimized with the Yoast SEO plugin v23.5 - https:\/\/yoast.com\/wordpress\/plugins\/seo\/ -->\n<title>Materiais - C\u00e2ndido Jacob Luthier<\/title>\n<meta name=\"description\" content=\"As guitarras s\u00e3o fruto da minha paix\u00e3o, inspira\u00e7\u00e3o, investiga\u00e7\u00e3o e trabalho! Feitas por medida ou baseadas em modelos standard antigos...\" \/>\n<meta name=\"robots\" content=\"index, follow, max-snippet:-1, max-image-preview:large, max-video-preview:-1\" \/>\n<link rel=\"canonical\" href=\"https:\/\/www.cjacobluthier.com\/pt-pt\/materiais\/\" \/>\n<meta property=\"og:locale\" content=\"pt_PT\" \/>\n<meta property=\"og:type\" content=\"article\" \/>\n<meta property=\"og:title\" content=\"Materiais - C\u00e2ndido Jacob Luthier\" \/>\n<meta property=\"og:description\" content=\"As guitarras s\u00e3o fruto da minha paix\u00e3o, inspira\u00e7\u00e3o, investiga\u00e7\u00e3o e trabalho! Feitas por medida ou baseadas em modelos standard antigos...\" \/>\n<meta property=\"og:url\" content=\"https:\/\/www.cjacobluthier.com\/pt-pt\/materiais\/\" \/>\n<meta property=\"og:site_name\" content=\"C\u00e2ndido Jacob Luthier\" \/>\n<meta property=\"article:publisher\" content=\"https:\/\/www.facebook.com\/CJacobLuthier\" \/>\n<meta property=\"article:modified_time\" content=\"2024-01-18T21:09:49+00:00\" \/>\n<meta property=\"og:image\" content=\"https:\/\/www.cjacobluthier.com\/wp-content\/uploads\/2016\/03\/DSC04844.jpg\" \/>\n\t<meta property=\"og:image:width\" content=\"2747\" \/>\n\t<meta property=\"og:image:height\" content=\"1541\" \/>\n\t<meta property=\"og:image:type\" content=\"image\/jpeg\" \/>\n<meta name=\"twitter:card\" content=\"summary_large_image\" \/>\n<meta name=\"twitter:label1\" content=\"Tempo estimado de leitura\" \/>\n\t<meta name=\"twitter:data1\" content=\"1 minuto\" \/>\n<script type=\"application\/ld+json\" class=\"yoast-schema-graph\">{\"@context\":\"https:\/\/schema.org\",\"@graph\":[{\"@type\":\"WebPage\",\"@id\":\"https:\/\/www.cjacobluthier.com\/pt-pt\/materiais\/\",\"url\":\"https:\/\/www.cjacobluthier.com\/pt-pt\/materiais\/\",\"name\":\"Materiais - C\u00e2ndido Jacob Luthier\",\"isPartOf\":{\"@id\":\"https:\/\/www.cjacobluthier.com\/#website\"},\"primaryImageOfPage\":{\"@id\":\"https:\/\/www.cjacobluthier.com\/pt-pt\/materiais\/#primaryimage\"},\"image\":{\"@id\":\"https:\/\/www.cjacobluthier.com\/pt-pt\/materiais\/#primaryimage\"},\"thumbnailUrl\":\"https:\/\/www.cjacobluthier.com\/wp-content\/uploads\/2016\/03\/DSC04844.jpg\",\"datePublished\":\"2016-04-18T17:13:50+00:00\",\"dateModified\":\"2024-01-18T21:09:49+00:00\",\"description\":\"As guitarras s\u00e3o fruto da minha paix\u00e3o, inspira\u00e7\u00e3o, investiga\u00e7\u00e3o e trabalho! Feitas por medida ou baseadas em modelos standard antigos...\",\"breadcrumb\":{\"@id\":\"https:\/\/www.cjacobluthier.com\/pt-pt\/materiais\/#breadcrumb\"},\"inLanguage\":\"pt-PT\",\"potentialAction\":[{\"@type\":\"ReadAction\",\"target\":[\"https:\/\/www.cjacobluthier.com\/pt-pt\/materiais\/\"]}]},{\"@type\":\"ImageObject\",\"inLanguage\":\"pt-PT\",\"@id\":\"https:\/\/www.cjacobluthier.com\/pt-pt\/materiais\/#primaryimage\",\"url\":\"https:\/\/www.cjacobluthier.com\/wp-content\/uploads\/2016\/03\/DSC04844.jpg\",\"contentUrl\":\"https:\/\/www.cjacobluthier.com\/wp-content\/uploads\/2016\/03\/DSC04844.jpg\",\"width\":2747,\"height\":1541},{\"@type\":\"BreadcrumbList\",\"@id\":\"https:\/\/www.cjacobluthier.com\/pt-pt\/materiais\/#breadcrumb\",\"itemListElement\":[{\"@type\":\"ListItem\",\"position\":1,\"name\":\"Home\",\"item\":\"https:\/\/www.cjacobluthier.com\/pt-pt\/\"},{\"@type\":\"ListItem\",\"position\":2,\"name\":\"Materiais\"}]},{\"@type\":\"WebSite\",\"@id\":\"https:\/\/www.cjacobluthier.com\/#website\",\"url\":\"https:\/\/www.cjacobluthier.com\/\",\"name\":\"C\u00e2ndido Jacob Luthier\",\"description\":\"Custom Guitars\",\"potentialAction\":[{\"@type\":\"SearchAction\",\"target\":{\"@type\":\"EntryPoint\",\"urlTemplate\":\"https:\/\/www.cjacobluthier.com\/?s={search_term_string}\"},\"query-input\":{\"@type\":\"PropertyValueSpecification\",\"valueRequired\":true,\"valueName\":\"search_term_string\"}}],\"inLanguage\":\"pt-PT\"}]}<\/script>\n<!-- \/ Yoast SEO plugin. -->","yoast_head_json":{"title":"Materiais - C\u00e2ndido Jacob Luthier","description":"As guitarras s\u00e3o fruto da minha paix\u00e3o, inspira\u00e7\u00e3o, investiga\u00e7\u00e3o e trabalho! Feitas por medida ou baseadas em modelos standard antigos...","robots":{"index":"index","follow":"follow","max-snippet":"max-snippet:-1","max-image-preview":"max-image-preview:large","max-video-preview":"max-video-preview:-1"},"canonical":"https:\/\/www.cjacobluthier.com\/pt-pt\/materiais\/","og_locale":"pt_PT","og_type":"article","og_title":"Materiais - C\u00e2ndido Jacob Luthier","og_description":"As guitarras s\u00e3o fruto da minha paix\u00e3o, inspira\u00e7\u00e3o, investiga\u00e7\u00e3o e trabalho! Feitas por medida ou baseadas em modelos standard antigos...","og_url":"https:\/\/www.cjacobluthier.com\/pt-pt\/materiais\/","og_site_name":"C\u00e2ndido Jacob Luthier","article_publisher":"https:\/\/www.facebook.com\/CJacobLuthier","article_modified_time":"2024-01-18T21:09:49+00:00","og_image":[{"width":2747,"height":1541,"url":"https:\/\/www.cjacobluthier.com\/wp-content\/uploads\/2016\/03\/DSC04844.jpg","type":"image\/jpeg"}],"twitter_card":"summary_large_image","twitter_misc":{"Tempo estimado de leitura":"1 minuto"},"schema":{"@context":"https:\/\/schema.org","@graph":[{"@type":"WebPage","@id":"https:\/\/www.cjacobluthier.com\/pt-pt\/materiais\/","url":"https:\/\/www.cjacobluthier.com\/pt-pt\/materiais\/","name":"Materiais - C\u00e2ndido Jacob Luthier","isPartOf":{"@id":"https:\/\/www.cjacobluthier.com\/#website"},"primaryImageOfPage":{"@id":"https:\/\/www.cjacobluthier.com\/pt-pt\/materiais\/#primaryimage"},"image":{"@id":"https:\/\/www.cjacobluthier.com\/pt-pt\/materiais\/#primaryimage"},"thumbnailUrl":"https:\/\/www.cjacobluthier.com\/wp-content\/uploads\/2016\/03\/DSC04844.jpg","datePublished":"2016-04-18T17:13:50+00:00","dateModified":"2024-01-18T21:09:49+00:00","description":"As guitarras s\u00e3o fruto da minha paix\u00e3o, inspira\u00e7\u00e3o, investiga\u00e7\u00e3o e trabalho! Feitas por medida ou baseadas em modelos standard antigos...","breadcrumb":{"@id":"https:\/\/www.cjacobluthier.com\/pt-pt\/materiais\/#breadcrumb"},"inLanguage":"pt-PT","potentialAction":[{"@type":"ReadAction","target":["https:\/\/www.cjacobluthier.com\/pt-pt\/materiais\/"]}]},{"@type":"ImageObject","inLanguage":"pt-PT","@id":"https:\/\/www.cjacobluthier.com\/pt-pt\/materiais\/#primaryimage","url":"https:\/\/www.cjacobluthier.com\/wp-content\/uploads\/2016\/03\/DSC04844.jpg","contentUrl":"https:\/\/www.cjacobluthier.com\/wp-content\/uploads\/2016\/03\/DSC04844.jpg","width":2747,"height":1541},{"@type":"BreadcrumbList","@id":"https:\/\/www.cjacobluthier.com\/pt-pt\/materiais\/#breadcrumb","itemListElement":[{"@type":"ListItem","position":1,"name":"Home","item":"https:\/\/www.cjacobluthier.com\/pt-pt\/"},{"@type":"ListItem","position":2,"name":"Materiais"}]},{"@type":"WebSite","@id":"https:\/\/www.cjacobluthier.com\/#website","url":"https:\/\/www.cjacobluthier.com\/","name":"C\u00e2ndido Jacob Luthier","description":"Custom Guitars","potentialAction":[{"@type":"SearchAction","target":{"@type":"EntryPoint","urlTemplate":"https:\/\/www.cjacobluthier.com\/?s={search_term_string}"},"query-input":{"@type":"PropertyValueSpecification","valueRequired":true,"valueName":"search_term_string"}}],"inLanguage":"pt-PT"}]}},"_links":{"self":[{"href":"https:\/\/www.cjacobluthier.com\/pt-pt\/wp-json\/wp\/v2\/pages\/657"}],"collection":[{"href":"https:\/\/www.cjacobluthier.com\/pt-pt\/wp-json\/wp\/v2\/pages"}],"about":[{"href":"https:\/\/www.cjacobluthier.com\/pt-pt\/wp-json\/wp\/v2\/types\/page"}],"author":[{"embeddable":true,"href":"https:\/\/www.cjacobluthier.com\/pt-pt\/wp-json\/wp\/v2\/users\/2"}],"replies":[{"embeddable":true,"href":"https:\/\/www.cjacobluthier.com\/pt-pt\/wp-json\/wp\/v2\/comments?post=657"}],"version-history":[{"count":9,"href":"https:\/\/www.cjacobluthier.com\/pt-pt\/wp-json\/wp\/v2\/pages\/657\/revisions"}],"predecessor-version":[{"id":2221,"href":"https:\/\/www.cjacobluthier.com\/pt-pt\/wp-json\/wp\/v2\/pages\/657\/revisions\/2221"}],"wp:featuredmedia":[{"embeddable":true,"href":"https:\/\/www.cjacobluthier.com\/pt-pt\/wp-json\/wp\/v2\/media\/1793"}],"wp:attachment":[{"href":"https:\/\/www.cjacobluthier.com\/pt-pt\/wp-json\/wp\/v2\/media?parent=657"}],"curies":[{"name":"wp","href":"https:\/\/api.w.org\/{rel}","templated":true}]}}