{"id":663,"date":"2016-03-02T12:34:39","date_gmt":"2016-03-02T12:34:39","guid":{"rendered":"https:\/\/www.cjacobluthier.com\/?page_id=663&#038;lang=pt-pt"},"modified":"2024-02-06T18:45:40","modified_gmt":"2024-02-06T18:45:40","slug":"contactos","status":"publish","type":"page","link":"https:\/\/www.cjacobluthier.com\/pt-pt\/contactos\/","title":{"rendered":"Contactos"},"content":{"rendered":"<section class=\"wpb-content-wrapper\"><p>[vc_row css_animation=&#8221;&#8221; row_type=&#8221;row&#8221; use_row_as_full_screen_section=&#8221;no&#8221; type=&#8221;full_width&#8221; angled_section=&#8221;no&#8221; text_align=&#8221;left&#8221; background_image_as_pattern=&#8221;without_pattern&#8221; css=&#8221;.vc_custom_1705568142375{padding-top: 200px !important;padding-bottom: 200px !important;background-color: #0d171a !important;}&#8221; z_index=&#8221;&#8221;][vc_column][vc_row_inner row_type=&#8221;row&#8221; type=&#8221;grid&#8221; text_align=&#8221;left&#8221; css_animation=&#8221;&#8221; css=&#8221;.vc_custom_1705567808498{margin-bottom: 20px !important;}&#8221;][vc_column_inner width=&#8221;1\/6&#8243;][\/vc_column_inner][vc_column_inner width=&#8221;2\/3&#8243;][vc_column_text css=&#8221;.vc_custom_1707244730368{padding-bottom: 20px !important;}&#8221;]<\/p>\n<h1 style=\"text-align: center;\">CONTACTOS<\/h1>\n<p>[\/vc_column_text][vc_column_text css=&#8221;.vc_custom_1707244812810{padding-bottom: 20px !important;}&#8221;]<\/p>\n<p style=\"text-align: center;\">Tel: <a href=\"tel:351963608961\">+351 963 608 961<\/a><\/p>\n<p style=\"text-align: center;\">E-mail: <a title=\"blocked::mailto:cjacobluthier@gmail.com\" href=\"mailto:cjacobluthier@gmail.com\">cjacobluthier@gmail.com<\/a><\/p>\n<p>[\/vc_column_text][vc_column_text css=&#8221;.vc_custom_1707244689462{padding-bottom: 20px !important;}&#8221;]<\/p>\n<p style=\"text-align: center;\">Se quer colocar uma quest\u00e3o, ou simplesmente deixar uma mensagem, n\u00e3o hesite e use o formul\u00e1rio.<\/p>\n<p>[\/vc_column_text][\/vc_column_inner][vc_column_inner width=&#8221;1\/6&#8243;][\/vc_column_inner][\/vc_row_inner][vc_row_inner row_type=&#8221;row&#8221; type=&#8221;grid&#8221; text_align=&#8221;left&#8221; css_animation=&#8221;&#8221;][vc_column_inner width=&#8221;1\/6&#8243;][\/vc_column_inner][vc_column_inner width=&#8221;2\/3&#8243;][vc_column_text]<\/p>\n\n<div class=\"wpcf7 no-js\" id=\"wpcf7-f748-o1\" lang=\"en-US\" dir=\"ltr\">\n<div class=\"screen-reader-response\"><p role=\"status\" aria-live=\"polite\" aria-atomic=\"true\"><\/p> <ul><\/ul><\/div>\n<form action=\"\/pt-pt\/wp-json\/wp\/v2\/pages\/663#wpcf7-f748-o1\" method=\"post\" class=\"wpcf7-form init\" aria-label=\"Contact form\" novalidate=\"novalidate\" data-status=\"init\">\n<div style=\"display: none;\">\n<input type=\"hidden\" name=\"_wpcf7\" value=\"748\" \/>\n<input type=\"hidden\" name=\"_wpcf7_version\" value=\"5.9.8\" \/>\n<input type=\"hidden\" name=\"_wpcf7_locale\" value=\"en_US\" \/>\n<input type=\"hidden\" name=\"_wpcf7_unit_tag\" value=\"wpcf7-f748-o1\" \/>\n<input type=\"hidden\" name=\"_wpcf7_container_post\" value=\"0\" \/>\n<input type=\"hidden\" name=\"_wpcf7_posted_data_hash\" value=\"\" \/>\n<input type=\"hidden\" name=\"_wpcf7_recaptcha_response\" value=\"\" \/>\n<\/div>\n<p>Nome:\n<\/p>\n<p><span class=\"wpcf7-form-control-wrap\" data-name=\"your-name\"><input size=\"40\" maxlength=\"400\" class=\"wpcf7-form-control wpcf7-text wpcf7-validates-as-required\" aria-required=\"true\" aria-invalid=\"false\" value=\"\" type=\"text\" name=\"your-name\" \/><\/span>\n<\/p>\n<p>E-mail:\n<\/p>\n<p><span class=\"wpcf7-form-control-wrap\" data-name=\"your-email\"><input size=\"40\" maxlength=\"400\" class=\"wpcf7-form-control wpcf7-email wpcf7-validates-as-required wpcf7-text wpcf7-validates-as-email\" aria-required=\"true\" aria-invalid=\"false\" value=\"\" type=\"email\" name=\"your-email\" \/><\/span>\n<\/p>\n<p>Assunto:\n<\/p>\n<p><span class=\"wpcf7-form-control-wrap\" data-name=\"your-subject\"><input size=\"40\" maxlength=\"400\" class=\"wpcf7-form-control wpcf7-text\" aria-invalid=\"false\" value=\"\" type=\"text\" name=\"your-subject\" \/><\/span>\n<\/p>\n<p>Mensagem:\n<\/p>\n<p><span class=\"wpcf7-form-control-wrap\" data-name=\"your-message\"><textarea cols=\"40\" rows=\"10\" maxlength=\"2000\" class=\"wpcf7-form-control wpcf7-textarea\" aria-invalid=\"false\" name=\"your-message\"><\/textarea><\/span>\n<\/p>\n<p><span class=\"wpcf7-form-control-wrap\" data-name=\"acceptance-621\"><span class=\"wpcf7-form-control wpcf7-acceptance\"><span class=\"wpcf7-list-item\"><label><input type=\"checkbox\" name=\"acceptance-621\" value=\"1\" aria-invalid=\"false\" \/><span class=\"wpcf7-list-item-label\">Declaro que li e concordo com a <a href=\"https:\/\/www.cjacobluthier.com\/pt-pt\/politica-de-privacidade-e-cookies\/\">Pol\u00edtica de Privacidade e Cookies<\/a> deste site.<\/a><\/span><\/label><\/span><\/span><\/span>\n<\/p>\n<p><input class=\"wpcf7-form-control wpcf7-submit has-spinner\" type=\"submit\" value=\"ENVIAR\" \/>\n<\/p><div class=\"wpcf7-response-output\" aria-hidden=\"true\"><\/div>\n<\/form>\n<\/div>\n\n<p>[\/vc_column_text][\/vc_column_inner][vc_column_inner width=&#8221;1\/6&#8243;][\/vc_column_inner][\/vc_row_inner][\/vc_column][\/vc_row]<\/p>\n<\/section>","protected":false},"excerpt":{"rendered":"<p>[vc_row css_animation=&#8221;&#8221; row_type=&#8221;row&#8221; use_row_as_full_screen_section=&#8221;no&#8221; type=&#8221;full_width&#8221; angled_section=&#8221;no&#8221; text_align=&#8221;left&#8221; background_image_as_pattern=&#8221;without_pattern&#8221; css=&#8221;.vc_custom_1705568142375{padding-top: 200px !important;padding-bottom: 200px !important;background-color: #0d171a !important;}&#8221; z_index=&#8221;&#8221;][vc_column][vc_row_inner row_type=&#8221;row&#8221; type=&#8221;grid&#8221; text_align=&#8221;left&#8221; css_animation=&#8221;&#8221;&#8230;<\/p>\n","protected":false},"author":2,"featured_media":1793,"parent":0,"menu_order":4,"comment_status":"closed","ping_status":"closed","template":"full_width.php","meta":{"footnotes":""},"yoast_head":"<!-- This site is optimized with the Yoast SEO plugin v23.5 - https:\/\/yoast.com\/wordpress\/plugins\/seo\/ -->\n<title>Contactos - C\u00e2ndido Jacob Luthier<\/title>\n<meta name=\"description\" content=\"As guitarras s\u00e3o fruto da minha paix\u00e3o, inspira\u00e7\u00e3o, investiga\u00e7\u00e3o e trabalho! Feitas por medida ou baseadas em modelos standard antigos...\" \/>\n<meta name=\"robots\" content=\"index, follow, max-snippet:-1, max-image-preview:large, max-video-preview:-1\" \/>\n<link rel=\"canonical\" href=\"https:\/\/www.cjacobluthier.com\/pt-pt\/contactos\/\" \/>\n<meta property=\"og:locale\" content=\"pt_PT\" \/>\n<meta property=\"og:type\" content=\"article\" \/>\n<meta property=\"og:title\" content=\"Contactos - C\u00e2ndido Jacob Luthier\" \/>\n<meta property=\"og:description\" content=\"As guitarras s\u00e3o fruto da minha paix\u00e3o, inspira\u00e7\u00e3o, investiga\u00e7\u00e3o e trabalho! Feitas por medida ou baseadas em modelos standard antigos...\" \/>\n<meta property=\"og:url\" content=\"https:\/\/www.cjacobluthier.com\/pt-pt\/contactos\/\" \/>\n<meta property=\"og:site_name\" content=\"C\u00e2ndido Jacob Luthier\" \/>\n<meta property=\"article:publisher\" content=\"https:\/\/www.facebook.com\/CJacobLuthier\" \/>\n<meta property=\"article:modified_time\" content=\"2024-02-06T18:45:40+00:00\" \/>\n<meta property=\"og:image\" content=\"https:\/\/www.cjacobluthier.com\/wp-content\/uploads\/2016\/03\/DSC04844.jpg\" \/>\n\t<meta property=\"og:image:width\" content=\"2747\" \/>\n\t<meta property=\"og:image:height\" content=\"1541\" \/>\n\t<meta property=\"og:image:type\" content=\"image\/jpeg\" \/>\n<meta name=\"twitter:card\" content=\"summary_large_image\" \/>\n<meta name=\"twitter:label1\" content=\"Tempo estimado de leitura\" \/>\n\t<meta name=\"twitter:data1\" content=\"1 minuto\" \/>\n<script type=\"application\/ld+json\" class=\"yoast-schema-graph\">{\"@context\":\"https:\/\/schema.org\",\"@graph\":[{\"@type\":\"WebPage\",\"@id\":\"https:\/\/www.cjacobluthier.com\/pt-pt\/contactos\/\",\"url\":\"https:\/\/www.cjacobluthier.com\/pt-pt\/contactos\/\",\"name\":\"Contactos - C\u00e2ndido Jacob Luthier\",\"isPartOf\":{\"@id\":\"https:\/\/www.cjacobluthier.com\/#website\"},\"primaryImageOfPage\":{\"@id\":\"https:\/\/www.cjacobluthier.com\/pt-pt\/contactos\/#primaryimage\"},\"image\":{\"@id\":\"https:\/\/www.cjacobluthier.com\/pt-pt\/contactos\/#primaryimage\"},\"thumbnailUrl\":\"https:\/\/www.cjacobluthier.com\/wp-content\/uploads\/2016\/03\/DSC04844.jpg\",\"datePublished\":\"2016-03-02T12:34:39+00:00\",\"dateModified\":\"2024-02-06T18:45:40+00:00\",\"description\":\"As guitarras s\u00e3o fruto da minha paix\u00e3o, inspira\u00e7\u00e3o, investiga\u00e7\u00e3o e trabalho! Feitas por medida ou baseadas em modelos standard antigos...\",\"breadcrumb\":{\"@id\":\"https:\/\/www.cjacobluthier.com\/pt-pt\/contactos\/#breadcrumb\"},\"inLanguage\":\"pt-PT\",\"potentialAction\":[{\"@type\":\"ReadAction\",\"target\":[\"https:\/\/www.cjacobluthier.com\/pt-pt\/contactos\/\"]}]},{\"@type\":\"ImageObject\",\"inLanguage\":\"pt-PT\",\"@id\":\"https:\/\/www.cjacobluthier.com\/pt-pt\/contactos\/#primaryimage\",\"url\":\"https:\/\/www.cjacobluthier.com\/wp-content\/uploads\/2016\/03\/DSC04844.jpg\",\"contentUrl\":\"https:\/\/www.cjacobluthier.com\/wp-content\/uploads\/2016\/03\/DSC04844.jpg\",\"width\":2747,\"height\":1541},{\"@type\":\"BreadcrumbList\",\"@id\":\"https:\/\/www.cjacobluthier.com\/pt-pt\/contactos\/#breadcrumb\",\"itemListElement\":[{\"@type\":\"ListItem\",\"position\":1,\"name\":\"Home\",\"item\":\"https:\/\/www.cjacobluthier.com\/pt-pt\/\"},{\"@type\":\"ListItem\",\"position\":2,\"name\":\"Contactos\"}]},{\"@type\":\"WebSite\",\"@id\":\"https:\/\/www.cjacobluthier.com\/#website\",\"url\":\"https:\/\/www.cjacobluthier.com\/\",\"name\":\"C\u00e2ndido Jacob Luthier\",\"description\":\"Custom Guitars\",\"potentialAction\":[{\"@type\":\"SearchAction\",\"target\":{\"@type\":\"EntryPoint\",\"urlTemplate\":\"https:\/\/www.cjacobluthier.com\/?s={search_term_string}\"},\"query-input\":{\"@type\":\"PropertyValueSpecification\",\"valueRequired\":true,\"valueName\":\"search_term_string\"}}],\"inLanguage\":\"pt-PT\"}]}<\/script>\n<!-- \/ Yoast SEO plugin. -->","yoast_head_json":{"title":"Contactos - C\u00e2ndido Jacob Luthier","description":"As guitarras s\u00e3o fruto da minha paix\u00e3o, inspira\u00e7\u00e3o, investiga\u00e7\u00e3o e trabalho! Feitas por medida ou baseadas em modelos standard antigos...","robots":{"index":"index","follow":"follow","max-snippet":"max-snippet:-1","max-image-preview":"max-image-preview:large","max-video-preview":"max-video-preview:-1"},"canonical":"https:\/\/www.cjacobluthier.com\/pt-pt\/contactos\/","og_locale":"pt_PT","og_type":"article","og_title":"Contactos - C\u00e2ndido Jacob Luthier","og_description":"As guitarras s\u00e3o fruto da minha paix\u00e3o, inspira\u00e7\u00e3o, investiga\u00e7\u00e3o e trabalho! Feitas por medida ou baseadas em modelos standard antigos...","og_url":"https:\/\/www.cjacobluthier.com\/pt-pt\/contactos\/","og_site_name":"C\u00e2ndido Jacob Luthier","article_publisher":"https:\/\/www.facebook.com\/CJacobLuthier","article_modified_time":"2024-02-06T18:45:40+00:00","og_image":[{"width":2747,"height":1541,"url":"https:\/\/www.cjacobluthier.com\/wp-content\/uploads\/2016\/03\/DSC04844.jpg","type":"image\/jpeg"}],"twitter_card":"summary_large_image","twitter_misc":{"Tempo estimado de leitura":"1 minuto"},"schema":{"@context":"https:\/\/schema.org","@graph":[{"@type":"WebPage","@id":"https:\/\/www.cjacobluthier.com\/pt-pt\/contactos\/","url":"https:\/\/www.cjacobluthier.com\/pt-pt\/contactos\/","name":"Contactos - C\u00e2ndido Jacob Luthier","isPartOf":{"@id":"https:\/\/www.cjacobluthier.com\/#website"},"primaryImageOfPage":{"@id":"https:\/\/www.cjacobluthier.com\/pt-pt\/contactos\/#primaryimage"},"image":{"@id":"https:\/\/www.cjacobluthier.com\/pt-pt\/contactos\/#primaryimage"},"thumbnailUrl":"https:\/\/www.cjacobluthier.com\/wp-content\/uploads\/2016\/03\/DSC04844.jpg","datePublished":"2016-03-02T12:34:39+00:00","dateModified":"2024-02-06T18:45:40+00:00","description":"As guitarras s\u00e3o fruto da minha paix\u00e3o, inspira\u00e7\u00e3o, investiga\u00e7\u00e3o e trabalho! Feitas por medida ou baseadas em modelos standard antigos...","breadcrumb":{"@id":"https:\/\/www.cjacobluthier.com\/pt-pt\/contactos\/#breadcrumb"},"inLanguage":"pt-PT","potentialAction":[{"@type":"ReadAction","target":["https:\/\/www.cjacobluthier.com\/pt-pt\/contactos\/"]}]},{"@type":"ImageObject","inLanguage":"pt-PT","@id":"https:\/\/www.cjacobluthier.com\/pt-pt\/contactos\/#primaryimage","url":"https:\/\/www.cjacobluthier.com\/wp-content\/uploads\/2016\/03\/DSC04844.jpg","contentUrl":"https:\/\/www.cjacobluthier.com\/wp-content\/uploads\/2016\/03\/DSC04844.jpg","width":2747,"height":1541},{"@type":"BreadcrumbList","@id":"https:\/\/www.cjacobluthier.com\/pt-pt\/contactos\/#breadcrumb","itemListElement":[{"@type":"ListItem","position":1,"name":"Home","item":"https:\/\/www.cjacobluthier.com\/pt-pt\/"},{"@type":"ListItem","position":2,"name":"Contactos"}]},{"@type":"WebSite","@id":"https:\/\/www.cjacobluthier.com\/#website","url":"https:\/\/www.cjacobluthier.com\/","name":"C\u00e2ndido Jacob Luthier","description":"Custom Guitars","potentialAction":[{"@type":"SearchAction","target":{"@type":"EntryPoint","urlTemplate":"https:\/\/www.cjacobluthier.com\/?s={search_term_string}"},"query-input":{"@type":"PropertyValueSpecification","valueRequired":true,"valueName":"search_term_string"}}],"inLanguage":"pt-PT"}]}},"_links":{"self":[{"href":"https:\/\/www.cjacobluthier.com\/pt-pt\/wp-json\/wp\/v2\/pages\/663"}],"collection":[{"href":"https:\/\/www.cjacobluthier.com\/pt-pt\/wp-json\/wp\/v2\/pages"}],"about":[{"href":"https:\/\/www.cjacobluthier.com\/pt-pt\/wp-json\/wp\/v2\/types\/page"}],"author":[{"embeddable":true,"href":"https:\/\/www.cjacobluthier.com\/pt-pt\/wp-json\/wp\/v2\/users\/2"}],"replies":[{"embeddable":true,"href":"https:\/\/www.cjacobluthier.com\/pt-pt\/wp-json\/wp\/v2\/comments?post=663"}],"version-history":[{"count":16,"href":"https:\/\/www.cjacobluthier.com\/pt-pt\/wp-json\/wp\/v2\/pages\/663\/revisions"}],"predecessor-version":[{"id":2381,"href":"https:\/\/www.cjacobluthier.com\/pt-pt\/wp-json\/wp\/v2\/pages\/663\/revisions\/2381"}],"wp:featuredmedia":[{"embeddable":true,"href":"https:\/\/www.cjacobluthier.com\/pt-pt\/wp-json\/wp\/v2\/media\/1793"}],"wp:attachment":[{"href":"https:\/\/www.cjacobluthier.com\/pt-pt\/wp-json\/wp\/v2\/media?parent=663"}],"curies":[{"name":"wp","href":"https:\/\/api.w.org\/{rel}","templated":true}]}}