{"id":977,"date":"2018-10-10T10:15:46","date_gmt":"2018-10-10T10:15:46","guid":{"rendered":"https:\/\/www.cjacobluthier.com\/pt-pt\/?page_id=977"},"modified":"2024-01-18T09:16:32","modified_gmt":"2024-01-18T09:16:32","slug":"correias","status":"publish","type":"page","link":"https:\/\/www.cjacobluthier.com\/pt-pt\/correias\/","title":{"rendered":"Correias"},"content":{"rendered":"<section class=\"wpb-content-wrapper\"><p>[vc_row row_type=&#8221;parallax&#8221; parallax_content_width=&#8221;full_width&#8221; text_align=&#8221;left&#8221; full_screen_section_height=&#8221;no&#8221;][vc_column][vc_row_inner row_type=&#8221;row&#8221; type=&#8221;full_width&#8221; text_align=&#8221;left&#8221; css_animation=&#8221;&#8221; el_id=&#8221;lista&#8221;][vc_column_inner width=&#8221;1\/3&#8243; css=&#8221;.vc_custom_1705569390537{margin-right: 0px !important;margin-left: 0px !important;border-right-width: 0px !important;border-left-width: 0px !important;padding-top: 200px !important;padding-right: 0px !important;padding-bottom: 50px !important;padding-left: 0px !important;}&#8221;][vc_column_text css=&#8221;.vc_custom_1705569385378{margin-top: 0px !important;margin-bottom: 0px !important;padding-top: 0px !important;padding-right: 20% !important;padding-bottom: 0px !important;padding-left: 20% !important;}&#8221;]<\/p>\n<h1>CORREIAS<\/h1>\n<h2>Manufacturadas<br \/>\npor CAPA Leather Goods, exclusivamente para C\u00e2ndido Jacob Luthier.<\/h2>\n<p>Correia de pele curtida na regi\u00e3o de Sta. Croce (It\u00e1lia) durante um per\u00edodo de 9 meses e recorrendo a t\u00e9cnicas artesanais e milenares, utilizando apenas \u00e1gua, madeira de carvalho e taninos da casca de \u00e1rvore. Linha de linho franc\u00eas, fortalecida com cera de abelha, cosida \u00e0 m\u00e3o pelo m\u00e9todo Saddle Stich.<\/p>\n<p>&nbsp;<\/p>\n<p>A constru\u00e7\u00e3o da pe\u00e7a \u00e9 feita de forma totalmente manual, sem recurso a qualquer tipo de m\u00e1quinas.[\/vc_column_text][\/vc_column_inner][vc_column_inner width=&#8221;2\/3&#8243; css=&#8221;.vc_custom_1457028293488{margin-right: 0px !important;border-right-width: 0px !important;padding-right: 0px !important;}&#8221;][vc_single_image image=&#8221;989&#8243; img_size=&#8221;full&#8221; alignment=&#8221;center&#8221; qode_css_animation=&#8221;&#8221;][vc_single_image image=&#8221;988&#8243; img_size=&#8221;full&#8221; alignment=&#8221;center&#8221; qode_css_animation=&#8221;&#8221;][vc_single_image image=&#8221;990&#8243; img_size=&#8221;full&#8221; alignment=&#8221;center&#8221; qode_css_animation=&#8221;&#8221;][vc_single_image image=&#8221;991&#8243; img_size=&#8221;full&#8221; alignment=&#8221;center&#8221; qode_css_animation=&#8221;&#8221;][vc_single_image image=&#8221;992&#8243; img_size=&#8221;full&#8221; alignment=&#8221;center&#8221; qode_css_animation=&#8221;&#8221;][\/vc_column_inner][\/vc_row_inner][\/vc_column][\/vc_row]<\/p>\n<\/section>","protected":false},"excerpt":{"rendered":"<p>[vc_row row_type=&#8221;parallax&#8221; parallax_content_width=&#8221;full_width&#8221; text_align=&#8221;left&#8221; full_screen_section_height=&#8221;no&#8221;][vc_column][vc_row_inner row_type=&#8221;row&#8221; type=&#8221;full_width&#8221; text_align=&#8221;left&#8221; css_animation=&#8221;&#8221; el_id=&#8221;lista&#8221;][vc_column_inner width=&#8221;1\/3&#8243; css=&#8221;.vc_custom_1705569390537{margin-right: 0px !important;margin-left: 0px !important;border-right-width: 0px !important;border-left-width: 0px !important;padding-top:&#8230;<\/p>\n","protected":false},"author":2,"featured_media":989,"parent":0,"menu_order":9,"comment_status":"closed","ping_status":"closed","template":"full_width.php","meta":{"footnotes":""},"yoast_head":"<!-- This site is optimized with the Yoast SEO plugin v23.5 - https:\/\/yoast.com\/wordpress\/plugins\/seo\/ -->\n<title>Correias para Guitarra CAPA Leather Goods - C\u00e2ndido Jacob Luthier<\/title>\n<meta name=\"description\" content=\"Correias de pele para guitarra manufacturadas por CAPA Leather Goods, exclusivamente para C\u00e2ndido Jacob Luthier.\" \/>\n<meta name=\"robots\" content=\"index, follow, max-snippet:-1, max-image-preview:large, max-video-preview:-1\" \/>\n<link rel=\"canonical\" href=\"https:\/\/www.cjacobluthier.com\/pt-pt\/correias\/\" \/>\n<meta property=\"og:locale\" content=\"pt_PT\" \/>\n<meta property=\"og:type\" content=\"article\" \/>\n<meta property=\"og:title\" content=\"Correias para Guitarra CAPA Leather Goods - C\u00e2ndido Jacob Luthier\" \/>\n<meta property=\"og:description\" content=\"Correias de pele para guitarra manufacturadas por CAPA Leather Goods, exclusivamente para C\u00e2ndido Jacob Luthier.\" \/>\n<meta property=\"og:url\" content=\"https:\/\/www.cjacobluthier.com\/pt-pt\/correias\/\" \/>\n<meta property=\"og:site_name\" content=\"C\u00e2ndido Jacob Luthier\" \/>\n<meta property=\"article:publisher\" content=\"https:\/\/www.facebook.com\/CJacobLuthier\" \/>\n<meta property=\"article:modified_time\" content=\"2024-01-18T09:16:32+00:00\" \/>\n<meta property=\"og:image\" content=\"https:\/\/www.cjacobluthier.com\/wp-content\/uploads\/2018\/10\/correia-para_guitarra_capa_leather_oods_candido-jacob-luthier_01.jpg\" \/>\n\t<meta property=\"og:image:width\" content=\"2000\" \/>\n\t<meta property=\"og:image:height\" content=\"1465\" \/>\n\t<meta property=\"og:image:type\" content=\"image\/jpeg\" \/>\n<meta name=\"twitter:card\" content=\"summary_large_image\" \/>\n<meta name=\"twitter:label1\" content=\"Tempo estimado de leitura\" \/>\n\t<meta name=\"twitter:data1\" content=\"2 minutos\" \/>\n<script type=\"application\/ld+json\" class=\"yoast-schema-graph\">{\"@context\":\"https:\/\/schema.org\",\"@graph\":[{\"@type\":\"WebPage\",\"@id\":\"https:\/\/www.cjacobluthier.com\/pt-pt\/correias\/\",\"url\":\"https:\/\/www.cjacobluthier.com\/pt-pt\/correias\/\",\"name\":\"Correias para Guitarra CAPA Leather Goods - C\u00e2ndido Jacob Luthier\",\"isPartOf\":{\"@id\":\"https:\/\/www.cjacobluthier.com\/#website\"},\"primaryImageOfPage\":{\"@id\":\"https:\/\/www.cjacobluthier.com\/pt-pt\/correias\/#primaryimage\"},\"image\":{\"@id\":\"https:\/\/www.cjacobluthier.com\/pt-pt\/correias\/#primaryimage\"},\"thumbnailUrl\":\"https:\/\/www.cjacobluthier.com\/wp-content\/uploads\/2018\/10\/correia-para_guitarra_capa_leather_oods_candido-jacob-luthier_01.jpg\",\"datePublished\":\"2018-10-10T10:15:46+00:00\",\"dateModified\":\"2024-01-18T09:16:32+00:00\",\"description\":\"Correias de pele para guitarra manufacturadas por CAPA Leather Goods, exclusivamente para C\u00e2ndido Jacob Luthier.\",\"breadcrumb\":{\"@id\":\"https:\/\/www.cjacobluthier.com\/pt-pt\/correias\/#breadcrumb\"},\"inLanguage\":\"pt-PT\",\"potentialAction\":[{\"@type\":\"ReadAction\",\"target\":[\"https:\/\/www.cjacobluthier.com\/pt-pt\/correias\/\"]}]},{\"@type\":\"ImageObject\",\"inLanguage\":\"pt-PT\",\"@id\":\"https:\/\/www.cjacobluthier.com\/pt-pt\/correias\/#primaryimage\",\"url\":\"https:\/\/www.cjacobluthier.com\/wp-content\/uploads\/2018\/10\/correia-para_guitarra_capa_leather_oods_candido-jacob-luthier_01.jpg\",\"contentUrl\":\"https:\/\/www.cjacobluthier.com\/wp-content\/uploads\/2018\/10\/correia-para_guitarra_capa_leather_oods_candido-jacob-luthier_01.jpg\",\"width\":1920,\"height\":1406},{\"@type\":\"BreadcrumbList\",\"@id\":\"https:\/\/www.cjacobluthier.com\/pt-pt\/correias\/#breadcrumb\",\"itemListElement\":[{\"@type\":\"ListItem\",\"position\":1,\"name\":\"Home\",\"item\":\"https:\/\/www.cjacobluthier.com\/pt-pt\/\"},{\"@type\":\"ListItem\",\"position\":2,\"name\":\"Correias\"}]},{\"@type\":\"WebSite\",\"@id\":\"https:\/\/www.cjacobluthier.com\/#website\",\"url\":\"https:\/\/www.cjacobluthier.com\/\",\"name\":\"C\u00e2ndido Jacob Luthier\",\"description\":\"Custom Guitars\",\"potentialAction\":[{\"@type\":\"SearchAction\",\"target\":{\"@type\":\"EntryPoint\",\"urlTemplate\":\"https:\/\/www.cjacobluthier.com\/?s={search_term_string}\"},\"query-input\":{\"@type\":\"PropertyValueSpecification\",\"valueRequired\":true,\"valueName\":\"search_term_string\"}}],\"inLanguage\":\"pt-PT\"}]}<\/script>\n<!-- \/ Yoast SEO plugin. -->","yoast_head_json":{"title":"Correias para Guitarra CAPA Leather Goods - C\u00e2ndido Jacob Luthier","description":"Correias de pele para guitarra manufacturadas por CAPA Leather Goods, exclusivamente para C\u00e2ndido Jacob Luthier.","robots":{"index":"index","follow":"follow","max-snippet":"max-snippet:-1","max-image-preview":"max-image-preview:large","max-video-preview":"max-video-preview:-1"},"canonical":"https:\/\/www.cjacobluthier.com\/pt-pt\/correias\/","og_locale":"pt_PT","og_type":"article","og_title":"Correias para Guitarra CAPA Leather Goods - C\u00e2ndido Jacob Luthier","og_description":"Correias de pele para guitarra manufacturadas por CAPA Leather Goods, exclusivamente para C\u00e2ndido Jacob Luthier.","og_url":"https:\/\/www.cjacobluthier.com\/pt-pt\/correias\/","og_site_name":"C\u00e2ndido Jacob Luthier","article_publisher":"https:\/\/www.facebook.com\/CJacobLuthier","article_modified_time":"2024-01-18T09:16:32+00:00","og_image":[{"width":2000,"height":1465,"url":"https:\/\/www.cjacobluthier.com\/wp-content\/uploads\/2018\/10\/correia-para_guitarra_capa_leather_oods_candido-jacob-luthier_01.jpg","type":"image\/jpeg"}],"twitter_card":"summary_large_image","twitter_misc":{"Tempo estimado de leitura":"2 minutos"},"schema":{"@context":"https:\/\/schema.org","@graph":[{"@type":"WebPage","@id":"https:\/\/www.cjacobluthier.com\/pt-pt\/correias\/","url":"https:\/\/www.cjacobluthier.com\/pt-pt\/correias\/","name":"Correias para Guitarra CAPA Leather Goods - C\u00e2ndido Jacob Luthier","isPartOf":{"@id":"https:\/\/www.cjacobluthier.com\/#website"},"primaryImageOfPage":{"@id":"https:\/\/www.cjacobluthier.com\/pt-pt\/correias\/#primaryimage"},"image":{"@id":"https:\/\/www.cjacobluthier.com\/pt-pt\/correias\/#primaryimage"},"thumbnailUrl":"https:\/\/www.cjacobluthier.com\/wp-content\/uploads\/2018\/10\/correia-para_guitarra_capa_leather_oods_candido-jacob-luthier_01.jpg","datePublished":"2018-10-10T10:15:46+00:00","dateModified":"2024-01-18T09:16:32+00:00","description":"Correias de pele para guitarra manufacturadas por CAPA Leather Goods, exclusivamente para C\u00e2ndido Jacob Luthier.","breadcrumb":{"@id":"https:\/\/www.cjacobluthier.com\/pt-pt\/correias\/#breadcrumb"},"inLanguage":"pt-PT","potentialAction":[{"@type":"ReadAction","target":["https:\/\/www.cjacobluthier.com\/pt-pt\/correias\/"]}]},{"@type":"ImageObject","inLanguage":"pt-PT","@id":"https:\/\/www.cjacobluthier.com\/pt-pt\/correias\/#primaryimage","url":"https:\/\/www.cjacobluthier.com\/wp-content\/uploads\/2018\/10\/correia-para_guitarra_capa_leather_oods_candido-jacob-luthier_01.jpg","contentUrl":"https:\/\/www.cjacobluthier.com\/wp-content\/uploads\/2018\/10\/correia-para_guitarra_capa_leather_oods_candido-jacob-luthier_01.jpg","width":1920,"height":1406},{"@type":"BreadcrumbList","@id":"https:\/\/www.cjacobluthier.com\/pt-pt\/correias\/#breadcrumb","itemListElement":[{"@type":"ListItem","position":1,"name":"Home","item":"https:\/\/www.cjacobluthier.com\/pt-pt\/"},{"@type":"ListItem","position":2,"name":"Correias"}]},{"@type":"WebSite","@id":"https:\/\/www.cjacobluthier.com\/#website","url":"https:\/\/www.cjacobluthier.com\/","name":"C\u00e2ndido Jacob Luthier","description":"Custom Guitars","potentialAction":[{"@type":"SearchAction","target":{"@type":"EntryPoint","urlTemplate":"https:\/\/www.cjacobluthier.com\/?s={search_term_string}"},"query-input":{"@type":"PropertyValueSpecification","valueRequired":true,"valueName":"search_term_string"}}],"inLanguage":"pt-PT"}]}},"_links":{"self":[{"href":"https:\/\/www.cjacobluthier.com\/pt-pt\/wp-json\/wp\/v2\/pages\/977"}],"collection":[{"href":"https:\/\/www.cjacobluthier.com\/pt-pt\/wp-json\/wp\/v2\/pages"}],"about":[{"href":"https:\/\/www.cjacobluthier.com\/pt-pt\/wp-json\/wp\/v2\/types\/page"}],"author":[{"embeddable":true,"href":"https:\/\/www.cjacobluthier.com\/pt-pt\/wp-json\/wp\/v2\/users\/2"}],"replies":[{"embeddable":true,"href":"https:\/\/www.cjacobluthier.com\/pt-pt\/wp-json\/wp\/v2\/comments?post=977"}],"version-history":[{"count":9,"href":"https:\/\/www.cjacobluthier.com\/pt-pt\/wp-json\/wp\/v2\/pages\/977\/revisions"}],"predecessor-version":[{"id":2127,"href":"https:\/\/www.cjacobluthier.com\/pt-pt\/wp-json\/wp\/v2\/pages\/977\/revisions\/2127"}],"wp:featuredmedia":[{"embeddable":true,"href":"https:\/\/www.cjacobluthier.com\/pt-pt\/wp-json\/wp\/v2\/media\/989"}],"wp:attachment":[{"href":"https:\/\/www.cjacobluthier.com\/pt-pt\/wp-json\/wp\/v2\/media?parent=977"}],"curies":[{"name":"wp","href":"https:\/\/api.w.org\/{rel}","templated":true}]}}